{"id":8,"date":"2021-04-11T11:55:51","date_gmt":"2021-04-11T11:55:51","guid":{"rendered":"https:\/\/miltgen.lu\/?page_id=8"},"modified":"2024-12-19T16:41:37","modified_gmt":"2024-12-19T16:41:37","slug":"kontakt","status":"publish","type":"page","link":"https:\/\/miltgen.lu\/?page_id=8","title":{"rendered":"Kontakt \/ Impressum"},"content":{"rendered":"\n<p class=\"has-text-align-center\"><\/p>\n\n\n\n<figure class=\"wp-block-image size-large\"><img loading=\"lazy\" decoding=\"async\" width=\"1024\" height=\"356\" src=\"https:\/\/miltgen.lu\/wp-content\/uploads\/2021\/04\/Sticker-Entwurf-1024x356.jpeg\" alt=\"\" class=\"wp-image-119\" srcset=\"https:\/\/miltgen.lu\/wp-content\/uploads\/2021\/04\/Sticker-Entwurf-1024x356.jpeg 1024w, https:\/\/miltgen.lu\/wp-content\/uploads\/2021\/04\/Sticker-Entwurf-300x104.jpeg 300w, https:\/\/miltgen.lu\/wp-content\/uploads\/2021\/04\/Sticker-Entwurf-768x267.jpeg 768w, https:\/\/miltgen.lu\/wp-content\/uploads\/2021\/04\/Sticker-Entwurf-1536x534.jpeg 1536w, https:\/\/miltgen.lu\/wp-content\/uploads\/2021\/04\/Sticker-Entwurf-2048x712.jpeg 2048w, https:\/\/miltgen.lu\/wp-content\/uploads\/2021\/04\/Sticker-Entwurf-640x222.jpeg 640w\" sizes=\"auto, (max-width: 1024px) 100vw, 1024px\" \/><\/figure>\n\n\n\n<p><\/p>\n\n\n\n<p><strong><em>Betreiber der Webseite<\/em><\/strong><em><strong>\u00a0www.miltgen.lu<\/strong><\/em><\/p>\n\n\n\n<p>Naturaarbecht Miltgen<\/p>\n\n\n\n<p>Miltgen Jacques<br>9, rue principale<br>L-9184 Schrondweiler<\/p>\n\n\n\n<p><\/p>\n\n\n\n<p>Umsatzsteueridentifikationsnummer\u00a0: LU29324781<\/p>\n\n\n\n<p><strong><em>Haftungshinweise<\/em><\/strong><\/p>\n\n\n\n<p>Diese Website soll den Zugang der \u00d6ffentlichkeit zu Informationen \u00fcber den Betrieb Naturaarbecht Miltgen sowie zu den verschiedenen Angeboten des Betriebes anbieten. Die auf dieser Webseite publizierten Informationen und Ansichten, insbesondere Preisangaben sind ohne Gew\u00e4hr.<\/p>\n\n\n\n<p>Der Betreiber haftet daher nicht f\u00fcr Sch\u00e4den, die sich daraus ergeben, dass Sie sich auf Informationen auf dieser Website verlassen haben.<\/p>\n\n\n\n<p>Trotz sorgf\u00e4ltiger inhaltlicher Kontrolle \u00fcbernehmen wir zudem keine Haftung f\u00fcr die Inhalte externer Links. F\u00fcr den Inhalt der verlinkten Seiten sind ausschlie\u00dflich deren Betreiber verantwortlich.<\/p>\n","protected":false},"excerpt":{"rendered":"<p>Betreiber der Webseite\u00a0www.miltgen.lu Naturaarbecht Miltgen Miltgen Jacques9, rue principaleL-9184 Schrondweiler Umsatzsteueridentifikationsnummer\u00a0: LU29324781 Haftungshinweise Diese Website soll den Zugang der \u00d6ffentlichkeit zu Informationen \u00fcber den Betrieb Naturaarbecht Miltgen sowie zu den verschiedenen Angeboten des Betriebes anbieten. Die auf dieser Webseite publizierten Informationen und Ansichten, insbesondere&#8230;<\/p>\n","protected":false},"author":1,"featured_media":0,"parent":0,"menu_order":0,"comment_status":"closed","ping_status":"closed","template":"","meta":{"footnotes":""},"class_list":["post-8","page","type-page","status-publish","hentry"],"_links":{"self":[{"href":"https:\/\/miltgen.lu\/index.php?rest_route=\/wp\/v2\/pages\/8","targetHints":{"allow":["GET"]}}],"collection":[{"href":"https:\/\/miltgen.lu\/index.php?rest_route=\/wp\/v2\/pages"}],"about":[{"href":"https:\/\/miltgen.lu\/index.php?rest_route=\/wp\/v2\/types\/page"}],"author":[{"embeddable":true,"href":"https:\/\/miltgen.lu\/index.php?rest_route=\/wp\/v2\/users\/1"}],"replies":[{"embeddable":true,"href":"https:\/\/miltgen.lu\/index.php?rest_route=%2Fwp%2Fv2%2Fcomments&post=8"}],"version-history":[{"count":7,"href":"https:\/\/miltgen.lu\/index.php?rest_route=\/wp\/v2\/pages\/8\/revisions"}],"predecessor-version":[{"id":242,"href":"https:\/\/miltgen.lu\/index.php?rest_route=\/wp\/v2\/pages\/8\/revisions\/242"}],"wp:attachment":[{"href":"https:\/\/miltgen.lu\/index.php?rest_route=%2Fwp%2Fv2%2Fmedia&parent=8"}],"curies":[{"name":"wp","href":"https:\/\/api.w.org\/{rel}","templated":true}]}}