{"id":43,"date":"2021-04-11T18:09:43","date_gmt":"2021-04-11T18:09:43","guid":{"rendered":"https:\/\/miltgen.lu\/?page_id=43"},"modified":"2026-01-12T06:58:20","modified_gmt":"2026-01-12T06:58:20","slug":"baumpflege","status":"publish","type":"page","link":"https:\/\/miltgen.lu\/?page_id=43","title":{"rendered":"Baumpflege und Obstbaumschnitt"},"content":{"rendered":"\n<p><\/p>\n\n\n\n<p><strong>Unsere Dienstleistungen im \u00dcberblick<\/strong><\/p>\n\n\n\n<p>Als Ihr Partner f\u00fcr professionelle Baumpflege bieten wir Ihnen ein umfassendes Leistungsspektrum:<\/p>\n\n\n\n<ul class=\"wp-block-list\">\n<li><strong>Pflege von Obstb\u00e4umen:<\/strong> Fachgerechter Erhalt und F\u00f6rderung Ihrer Obstbest\u00e4nde.<\/li>\n\n\n\n<li><strong>Schnitt von Laub- und Nadelb\u00e4umen:<\/strong> Professionelle Pflege f\u00fcr gesunde B\u00e4ume.<\/li>\n\n\n\n<li><strong>Baumf\u00e4llung und Gefahrenbeseitigung:<\/strong> Sicheres R\u00fcckschneiden oder Abbauen von Risikob\u00e4umen mittels Seilklettertechnik (SKT).<\/li>\n<\/ul>\n\n\n\n<p><strong>Zusatzleistung:<\/strong> Auf Wunsch zerkleinern wir das anfallende Schnittgut direkt vor Ort mit unserem selbstfahrenden Holzhacker.<\/p>\n\n\n\n<p>Kontaktieren Sie uns f\u00fcr ein unverbindliches Beratungsgespr\u00e4ch.<\/p>\n\n\n\n<p><br><\/p>\n\n\n\n<figure class=\"wp-block-gallery has-nested-images columns-default is-cropped wp-block-gallery-1 is-layout-flex wp-block-gallery-is-layout-flex\">\n<figure class=\"wp-block-image size-large\"><img loading=\"lazy\" decoding=\"async\" width=\"1024\" height=\"768\" data-id=\"140\" src=\"https:\/\/miltgen.lu\/wp-content\/uploads\/2021\/05\/P1020954-1024x768.jpg\" alt=\"\" class=\"wp-image-140\" srcset=\"https:\/\/miltgen.lu\/wp-content\/uploads\/2021\/05\/P1020954-1024x768.jpg 1024w, https:\/\/miltgen.lu\/wp-content\/uploads\/2021\/05\/P1020954-300x225.jpg 300w, https:\/\/miltgen.lu\/wp-content\/uploads\/2021\/05\/P1020954-768x576.jpg 768w, https:\/\/miltgen.lu\/wp-content\/uploads\/2021\/05\/P1020954-1536x1152.jpg 1536w, https:\/\/miltgen.lu\/wp-content\/uploads\/2021\/05\/P1020954-2048x1536.jpg 2048w, https:\/\/miltgen.lu\/wp-content\/uploads\/2021\/05\/P1020954-640x480.jpg 640w\" sizes=\"auto, (max-width: 1024px) 100vw, 1024px\" \/><\/figure>\n\n\n\n<figure class=\"wp-block-image size-large\"><img loading=\"lazy\" decoding=\"async\" width=\"768\" height=\"1024\" data-id=\"91\" src=\"https:\/\/miltgen.lu\/wp-content\/uploads\/2021\/04\/P1020899-768x1024.jpg\" alt=\"\" class=\"wp-image-91\" srcset=\"https:\/\/miltgen.lu\/wp-content\/uploads\/2021\/04\/P1020899-768x1024.jpg 768w, https:\/\/miltgen.lu\/wp-content\/uploads\/2021\/04\/P1020899-225x300.jpg 225w, https:\/\/miltgen.lu\/wp-content\/uploads\/2021\/04\/P1020899-1152x1536.jpg 1152w, https:\/\/miltgen.lu\/wp-content\/uploads\/2021\/04\/P1020899-1536x2048.jpg 1536w, https:\/\/miltgen.lu\/wp-content\/uploads\/2021\/04\/P1020899-480x640.jpg 480w, https:\/\/miltgen.lu\/wp-content\/uploads\/2021\/04\/P1020899-scaled.jpg 1920w\" sizes=\"auto, (max-width: 768px) 100vw, 768px\" \/><\/figure>\n\n\n\n<figure class=\"wp-block-image size-large\"><img loading=\"lazy\" decoding=\"async\" width=\"768\" height=\"1024\" data-id=\"95\" src=\"https:\/\/miltgen.lu\/wp-content\/uploads\/2021\/04\/P1020894-2-768x1024.jpg\" alt=\"\" class=\"wp-image-95\" srcset=\"https:\/\/miltgen.lu\/wp-content\/uploads\/2021\/04\/P1020894-2-768x1024.jpg 768w, https:\/\/miltgen.lu\/wp-content\/uploads\/2021\/04\/P1020894-2-225x300.jpg 225w, https:\/\/miltgen.lu\/wp-content\/uploads\/2021\/04\/P1020894-2-1152x1536.jpg 1152w, https:\/\/miltgen.lu\/wp-content\/uploads\/2021\/04\/P1020894-2-1536x2048.jpg 1536w, https:\/\/miltgen.lu\/wp-content\/uploads\/2021\/04\/P1020894-2-480x640.jpg 480w, https:\/\/miltgen.lu\/wp-content\/uploads\/2021\/04\/P1020894-2-scaled.jpg 1920w\" sizes=\"auto, (max-width: 768px) 100vw, 768px\" \/><\/figure>\n\n\n\n<figure class=\"wp-block-image size-large\"><img loading=\"lazy\" decoding=\"async\" width=\"1024\" height=\"768\" data-id=\"192\" src=\"https:\/\/miltgen.lu\/wp-content\/uploads\/2024\/07\/DSCF4182-1024x768.jpg\" alt=\"\" class=\"wp-image-192\" srcset=\"https:\/\/miltgen.lu\/wp-content\/uploads\/2024\/07\/DSCF4182-1024x768.jpg 1024w, https:\/\/miltgen.lu\/wp-content\/uploads\/2024\/07\/DSCF4182-300x225.jpg 300w, https:\/\/miltgen.lu\/wp-content\/uploads\/2024\/07\/DSCF4182-768x576.jpg 768w, https:\/\/miltgen.lu\/wp-content\/uploads\/2024\/07\/DSCF4182-1536x1152.jpg 1536w, https:\/\/miltgen.lu\/wp-content\/uploads\/2024\/07\/DSCF4182-2048x1536.jpg 2048w, https:\/\/miltgen.lu\/wp-content\/uploads\/2024\/07\/DSCF4182-640x480.jpg 640w\" sizes=\"auto, (max-width: 1024px) 100vw, 1024px\" \/><\/figure>\n\n\n\n<figure class=\"wp-block-image size-large\"><img loading=\"lazy\" decoding=\"async\" width=\"1024\" height=\"768\" data-id=\"151\" src=\"https:\/\/miltgen.lu\/wp-content\/uploads\/2021\/05\/P1020960-1024x768.jpg\" alt=\"\" class=\"wp-image-151\" srcset=\"https:\/\/miltgen.lu\/wp-content\/uploads\/2021\/05\/P1020960-1024x768.jpg 1024w, https:\/\/miltgen.lu\/wp-content\/uploads\/2021\/05\/P1020960-300x225.jpg 300w, https:\/\/miltgen.lu\/wp-content\/uploads\/2021\/05\/P1020960-768x576.jpg 768w, https:\/\/miltgen.lu\/wp-content\/uploads\/2021\/05\/P1020960-1536x1152.jpg 1536w, https:\/\/miltgen.lu\/wp-content\/uploads\/2021\/05\/P1020960-2048x1536.jpg 2048w, https:\/\/miltgen.lu\/wp-content\/uploads\/2021\/05\/P1020960-640x480.jpg 640w\" sizes=\"auto, (max-width: 1024px) 100vw, 1024px\" \/><\/figure>\n\n\n\n<figure class=\"wp-block-image size-large\"><img loading=\"lazy\" decoding=\"async\" width=\"768\" height=\"1024\" data-id=\"226\" src=\"https:\/\/miltgen.lu\/wp-content\/uploads\/2024\/12\/IACR9458-768x1024.jpg\" alt=\"\" class=\"wp-image-226\" srcset=\"https:\/\/miltgen.lu\/wp-content\/uploads\/2024\/12\/IACR9458-768x1024.jpg 768w, https:\/\/miltgen.lu\/wp-content\/uploads\/2024\/12\/IACR9458-225x300.jpg 225w, https:\/\/miltgen.lu\/wp-content\/uploads\/2024\/12\/IACR9458-1152x1536.jpg 1152w, https:\/\/miltgen.lu\/wp-content\/uploads\/2024\/12\/IACR9458-480x640.jpg 480w, https:\/\/miltgen.lu\/wp-content\/uploads\/2024\/12\/IACR9458.jpg 1500w\" sizes=\"auto, (max-width: 768px) 100vw, 768px\" \/><\/figure>\n\n\n\n<figure class=\"wp-block-image size-large\"><img loading=\"lazy\" decoding=\"async\" width=\"768\" height=\"1024\" data-id=\"227\" src=\"https:\/\/miltgen.lu\/wp-content\/uploads\/2024\/12\/RXJN6431-768x1024.jpg\" alt=\"\" class=\"wp-image-227\" srcset=\"https:\/\/miltgen.lu\/wp-content\/uploads\/2024\/12\/RXJN6431-768x1024.jpg 768w, https:\/\/miltgen.lu\/wp-content\/uploads\/2024\/12\/RXJN6431-225x300.jpg 225w, https:\/\/miltgen.lu\/wp-content\/uploads\/2024\/12\/RXJN6431-1152x1536.jpg 1152w, https:\/\/miltgen.lu\/wp-content\/uploads\/2024\/12\/RXJN6431-480x640.jpg 480w, https:\/\/miltgen.lu\/wp-content\/uploads\/2024\/12\/RXJN6431.jpg 1500w\" sizes=\"auto, (max-width: 768px) 100vw, 768px\" \/><\/figure>\n<\/figure>\n\n\n\n<p><strong>Unsere Kulturlandschaft und die Bedeutung von Obstb\u00e4umen<\/strong><\/p>\n\n\n\n<p>Obstb\u00e4ume pr\u00e4gen seit Generationen unsere heimische Kulturlandschaft. Nach der neolithischen Revolution, als W\u00e4lder die Landschaft noch dominierten, entwickelte sich allm\u00e4hlich die Kulturlandschaft, die wir heute kennen. Besonders im sp\u00e4ten Mittelalter f\u00fchrte der enorme Holzbedarf f\u00fcr Erzverh\u00fcttung, Glasproduktion und K\u00f6hlerei zu einer starken Entwaldung. Alte Holzstiche von Burganlagen zeigen oft kahle H\u00e4nge und H\u00fcgel.<\/p>\n\n\n\n<p>Zu dieser Zeit erkannten verschiedene Landesherren die Notwendigkeit von Nachhaltigkeitsprinzipien, da man einsah, dass der Waldbestand ohne gezielte Ma\u00dfnahmen komplett zusammenbrechen w\u00fcrde. Seitdem hat der Waldbestand wieder deutlich zugenommen. Dennoch: W\u00e4hrend die Landschaft vor der Zeitenwende einem Waldmeer mit kleinen Dorfinseln \u00e4hnelte, wandelte sie sich im Mittelalter zunehmend zu einem Offenland mit &#8222;verinselten&#8220; W\u00e4ldern.<\/p>\n\n\n\n<p><strong>Naturschutz durch Baumpflege: Ihr Beitrag zum Erhalt des &#8222;Bongert&#8220;<\/strong><\/p>\n\n\n\n<p>In dieser neuen, vielf\u00e4ltigen Landschaft aus Feldern, Weiden, W\u00e4ldern und D\u00f6rfern etablierte sich eine spezifische Flora und Fauna des Offenlandes. Dieses bunte Mosaik an Lebensr\u00e4umen gilt es heute durch gezielte Naturschutzma\u00dfnahmen zu erhalten.<\/p>\n\n\n\n<p>Mit dem fachgerechten Pflegeschnitt Ihrer Obstb\u00e4ume leisten Sie einen wichtigen Beitrag zur Erhaltung des wertvollen Lebensraums \u201eBongert\u201c (Streuobstwiese). Wir beraten Sie gerne zu notwendigen Pflegema\u00dfnahmen und informieren Sie \u00fcber eventuelle F\u00f6rderprogramme seitens der Naturschutzsyndikate.<\/p>\n","protected":false},"excerpt":{"rendered":"<p>Unsere Dienstleistungen im \u00dcberblick Als Ihr Partner f\u00fcr professionelle Baumpflege bieten wir Ihnen ein umfassendes Leistungsspektrum: Zusatzleistung: Auf Wunsch zerkleinern wir das anfallende Schnittgut direkt vor Ort mit unserem selbstfahrenden Holzhacker. Kontaktieren Sie uns f\u00fcr ein unverbindliches Beratungsgespr\u00e4ch. Unsere Kulturlandschaft und die Bedeutung von&#8230;<\/p>\n","protected":false},"author":1,"featured_media":0,"parent":0,"menu_order":0,"comment_status":"closed","ping_status":"closed","template":"","meta":{"footnotes":""},"class_list":["post-43","page","type-page","status-publish","hentry"],"_links":{"self":[{"href":"https:\/\/miltgen.lu\/index.php?rest_route=\/wp\/v2\/pages\/43","targetHints":{"allow":["GET"]}}],"collection":[{"href":"https:\/\/miltgen.lu\/index.php?rest_route=\/wp\/v2\/pages"}],"about":[{"href":"https:\/\/miltgen.lu\/index.php?rest_route=\/wp\/v2\/types\/page"}],"author":[{"embeddable":true,"href":"https:\/\/miltgen.lu\/index.php?rest_route=\/wp\/v2\/users\/1"}],"replies":[{"embeddable":true,"href":"https:\/\/miltgen.lu\/index.php?rest_route=%2Fwp%2Fv2%2Fcomments&post=43"}],"version-history":[{"count":14,"href":"https:\/\/miltgen.lu\/index.php?rest_route=\/wp\/v2\/pages\/43\/revisions"}],"predecessor-version":[{"id":272,"href":"https:\/\/miltgen.lu\/index.php?rest_route=\/wp\/v2\/pages\/43\/revisions\/272"}],"wp:attachment":[{"href":"https:\/\/miltgen.lu\/index.php?rest_route=%2Fwp%2Fv2%2Fmedia&parent=43"}],"curies":[{"name":"wp","href":"https:\/\/api.w.org\/{rel}","templated":true}]}}