{"id":173,"date":"2024-07-01T21:44:53","date_gmt":"2024-07-01T21:44:53","guid":{"rendered":"https:\/\/miltgen.lu\/?page_id=173"},"modified":"2025-11-23T10:45:26","modified_gmt":"2025-11-23T10:45:26","slug":"garten-naturnah","status":"publish","type":"page","link":"https:\/\/miltgen.lu\/?page_id=173","title":{"rendered":"Garten naturnah!"},"content":{"rendered":"\n<p><strong>Die Bedeutung von Kleinbiotopen in der Kulturlandschaft<\/strong><\/p>\n\n\n\n<p>Kleine, naturnah gestaltete Fl\u00e4chen bieten ein enormes Potenzial f\u00fcr die Biodiversit\u00e4t. Durch sorgf\u00e4ltige Planung und die Integration spezifischer Strukturen kann Lebensraum f\u00fcr eine Vielzahl spezialisierter Arten geschaffen werden.<\/p>\n\n\n\n<p>Die Ansiedlung heimischer Stauden, Magerarten und Schotterrasen schafft ein vielf\u00e4ltiges Bl\u00fctenangebot, das als essenzielle Nahrungsquelle f\u00fcr viele verschiedene Arten dient. Erg\u00e4nzende Totholzelemente und Trockenmauernischen bieten wichtige Verstecke, Nistpl\u00e4tze und \u00dcberwinterungsm\u00f6glichkeiten f\u00fcr Insekten, Amphibien und Kleintiere.<\/p>\n\n\n\n<p><strong>Fachgerechte Umsetzung von Naturschutzma\u00dfnahmen<\/strong><\/p>\n\n\n\n<p>Wir spezialisieren uns auf die Planung und Realisierung von Lebensr\u00e4umen, die die Resilienz lokaler \u00d6kosysteme st\u00e4rken. Unsere Arbeit konzentriert sich auf die Etablierung von Strukturen, die der Flora und Fauna zugutekommen:<\/p>\n\n\n\n<p><strong>Einsatz von dauerhaften Naturmaterialien<\/strong><\/p>\n\n\n\n<p>Wir verwenden \u00f6kologische und langlebige Materialien. Unsere naturnahen Konstruktionen werden vorrangig aus widerstandsf\u00e4higem Robinienholz gefertigt, das sich durch seine Langlebigkeit und organischen Formen auszeichnet.<\/p>\n\n\n\n<p>Zu den umgesetzten Strukturen geh\u00f6ren unter anderem:<\/p>\n\n\n\n<ul class=\"wp-block-list\">\n<li><strong>Ruhezonen f\u00fcr Mensch und Tier:<\/strong> Philosophische B\u00e4nke und Sitzplattformen, die R\u00fcckzugsorte bieten.<\/li>\n\n\n\n<li><strong>Strukturgebende Elemente:<\/strong> Hochbeete und Eingrenzungen, Pergolas etc.<\/li>\n<\/ul>\n\n\n\n<p><strong>Wir beraten Sie zu den M\u00f6glichkeiten Lebensr\u00e4ume zu erschaffen<\/strong><\/p>\n\n\n\n<p>Die Schaffung dieser Lebensr\u00e4ume ist ein aktiver Beitrag zum Erhalt der Artenvielfalt. Wir stehen Ihnen als fachkundiger Partner zur Seite, um die Planung und Realisierung entsprechender Ma\u00dfnahmen zu gew\u00e4hrleisten.<\/p>\n\n\n\n<p>Kontaktieren Sie uns, um Projekte im Sinne des Naturschutzes zu besprechen und umzusetzen.<br><br><\/p>\n\n\n\n<p><\/p>\n\n\n\n<figure class=\"wp-block-gallery has-nested-images columns-default is-cropped wp-block-gallery-1 is-layout-flex wp-block-gallery-is-layout-flex\">\n<figure class=\"wp-block-image size-large\"><img loading=\"lazy\" decoding=\"async\" width=\"1024\" height=\"768\" data-id=\"202\" src=\"https:\/\/miltgen.lu\/wp-content\/uploads\/2024\/07\/Christiane_after2-1024x768.jpeg\" alt=\"\" class=\"wp-image-202\" srcset=\"https:\/\/miltgen.lu\/wp-content\/uploads\/2024\/07\/Christiane_after2-1024x768.jpeg 1024w, https:\/\/miltgen.lu\/wp-content\/uploads\/2024\/07\/Christiane_after2-300x225.jpeg 300w, https:\/\/miltgen.lu\/wp-content\/uploads\/2024\/07\/Christiane_after2-768x576.jpeg 768w, https:\/\/miltgen.lu\/wp-content\/uploads\/2024\/07\/Christiane_after2-640x480.jpeg 640w, https:\/\/miltgen.lu\/wp-content\/uploads\/2024\/07\/Christiane_after2.jpeg 1080w\" sizes=\"auto, (max-width: 1024px) 100vw, 1024px\" \/><\/figure>\n\n\n\n<figure class=\"wp-block-image size-large\"><img loading=\"lazy\" decoding=\"async\" width=\"1024\" height=\"768\" data-id=\"203\" src=\"https:\/\/miltgen.lu\/wp-content\/uploads\/2024\/07\/IMG_0663-1-1024x768.jpeg\" alt=\"\" class=\"wp-image-203\" srcset=\"https:\/\/miltgen.lu\/wp-content\/uploads\/2024\/07\/IMG_0663-1-1024x768.jpeg 1024w, https:\/\/miltgen.lu\/wp-content\/uploads\/2024\/07\/IMG_0663-1-300x225.jpeg 300w, https:\/\/miltgen.lu\/wp-content\/uploads\/2024\/07\/IMG_0663-1-768x576.jpeg 768w, https:\/\/miltgen.lu\/wp-content\/uploads\/2024\/07\/IMG_0663-1-1536x1152.jpeg 1536w, https:\/\/miltgen.lu\/wp-content\/uploads\/2024\/07\/IMG_0663-1-640x480.jpeg 640w, https:\/\/miltgen.lu\/wp-content\/uploads\/2024\/07\/IMG_0663-1.jpeg 1600w\" sizes=\"auto, (max-width: 1024px) 100vw, 1024px\" \/><\/figure>\n<\/figure>\n\n\n\n<figure class=\"wp-block-gallery has-nested-images columns-default is-cropped wp-block-gallery-2 is-layout-flex wp-block-gallery-is-layout-flex\">\n<figure class=\"wp-block-image size-large\"><img loading=\"lazy\" decoding=\"async\" width=\"1024\" height=\"768\" data-id=\"176\" src=\"https:\/\/miltgen.lu\/wp-content\/uploads\/2024\/07\/0beb9441-afed-4edb-8d40-59db05e5b67a-1024x768.jpg\" alt=\"\" class=\"wp-image-176\" srcset=\"https:\/\/miltgen.lu\/wp-content\/uploads\/2024\/07\/0beb9441-afed-4edb-8d40-59db05e5b67a-1024x768.jpg 1024w, https:\/\/miltgen.lu\/wp-content\/uploads\/2024\/07\/0beb9441-afed-4edb-8d40-59db05e5b67a-300x225.jpg 300w, https:\/\/miltgen.lu\/wp-content\/uploads\/2024\/07\/0beb9441-afed-4edb-8d40-59db05e5b67a-768x576.jpg 768w, https:\/\/miltgen.lu\/wp-content\/uploads\/2024\/07\/0beb9441-afed-4edb-8d40-59db05e5b67a-1536x1152.jpg 1536w, https:\/\/miltgen.lu\/wp-content\/uploads\/2024\/07\/0beb9441-afed-4edb-8d40-59db05e5b67a-640x480.jpg 640w, https:\/\/miltgen.lu\/wp-content\/uploads\/2024\/07\/0beb9441-afed-4edb-8d40-59db05e5b67a.jpg 2048w\" sizes=\"auto, (max-width: 1024px) 100vw, 1024px\" \/><\/figure>\n\n\n\n<figure class=\"wp-block-image size-large\"><img loading=\"lazy\" decoding=\"async\" width=\"576\" height=\"1024\" data-id=\"182\" src=\"https:\/\/miltgen.lu\/wp-content\/uploads\/2024\/07\/322050BD-E13A-41A4-8F07-1D8E93CD3A49-576x1024.jpeg\" alt=\"\" class=\"wp-image-182\" srcset=\"https:\/\/miltgen.lu\/wp-content\/uploads\/2024\/07\/322050BD-E13A-41A4-8F07-1D8E93CD3A49-576x1024.jpeg 576w, https:\/\/miltgen.lu\/wp-content\/uploads\/2024\/07\/322050BD-E13A-41A4-8F07-1D8E93CD3A49-169x300.jpeg 169w, https:\/\/miltgen.lu\/wp-content\/uploads\/2024\/07\/322050BD-E13A-41A4-8F07-1D8E93CD3A49-768x1365.jpeg 768w, https:\/\/miltgen.lu\/wp-content\/uploads\/2024\/07\/322050BD-E13A-41A4-8F07-1D8E93CD3A49-864x1536.jpeg 864w, https:\/\/miltgen.lu\/wp-content\/uploads\/2024\/07\/322050BD-E13A-41A4-8F07-1D8E93CD3A49-1152x2048.jpeg 1152w, https:\/\/miltgen.lu\/wp-content\/uploads\/2024\/07\/322050BD-E13A-41A4-8F07-1D8E93CD3A49-360x640.jpeg 360w, https:\/\/miltgen.lu\/wp-content\/uploads\/2024\/07\/322050BD-E13A-41A4-8F07-1D8E93CD3A49-scaled.jpeg 1440w\" sizes=\"auto, (max-width: 576px) 100vw, 576px\" \/><\/figure>\n\n\n\n<figure class=\"wp-block-image size-large\"><img loading=\"lazy\" decoding=\"async\" width=\"1024\" height=\"768\" data-id=\"174\" src=\"https:\/\/miltgen.lu\/wp-content\/uploads\/2024\/07\/a109eafa-da03-4a6e-b7c0-36344f88c1b7-1024x768.jpg\" alt=\"\" class=\"wp-image-174\" srcset=\"https:\/\/miltgen.lu\/wp-content\/uploads\/2024\/07\/a109eafa-da03-4a6e-b7c0-36344f88c1b7-1024x768.jpg 1024w, https:\/\/miltgen.lu\/wp-content\/uploads\/2024\/07\/a109eafa-da03-4a6e-b7c0-36344f88c1b7-300x225.jpg 300w, https:\/\/miltgen.lu\/wp-content\/uploads\/2024\/07\/a109eafa-da03-4a6e-b7c0-36344f88c1b7-768x576.jpg 768w, https:\/\/miltgen.lu\/wp-content\/uploads\/2024\/07\/a109eafa-da03-4a6e-b7c0-36344f88c1b7-1536x1152.jpg 1536w, https:\/\/miltgen.lu\/wp-content\/uploads\/2024\/07\/a109eafa-da03-4a6e-b7c0-36344f88c1b7-640x480.jpg 640w, https:\/\/miltgen.lu\/wp-content\/uploads\/2024\/07\/a109eafa-da03-4a6e-b7c0-36344f88c1b7.jpg 1600w\" sizes=\"auto, (max-width: 1024px) 100vw, 1024px\" \/><\/figure>\n\n\n\n<figure class=\"wp-block-image size-large\"><img loading=\"lazy\" decoding=\"async\" width=\"576\" height=\"1024\" data-id=\"183\" src=\"https:\/\/miltgen.lu\/wp-content\/uploads\/2024\/07\/DACB3935-9400-416D-BB56-BE6066B0F253-576x1024.jpg\" alt=\"\" class=\"wp-image-183\" srcset=\"https:\/\/miltgen.lu\/wp-content\/uploads\/2024\/07\/DACB3935-9400-416D-BB56-BE6066B0F253-576x1024.jpg 576w, https:\/\/miltgen.lu\/wp-content\/uploads\/2024\/07\/DACB3935-9400-416D-BB56-BE6066B0F253-169x300.jpg 169w, https:\/\/miltgen.lu\/wp-content\/uploads\/2024\/07\/DACB3935-9400-416D-BB56-BE6066B0F253-768x1365.jpg 768w, https:\/\/miltgen.lu\/wp-content\/uploads\/2024\/07\/DACB3935-9400-416D-BB56-BE6066B0F253-864x1536.jpg 864w, https:\/\/miltgen.lu\/wp-content\/uploads\/2024\/07\/DACB3935-9400-416D-BB56-BE6066B0F253-1152x2048.jpg 1152w, https:\/\/miltgen.lu\/wp-content\/uploads\/2024\/07\/DACB3935-9400-416D-BB56-BE6066B0F253-360x640.jpg 360w, https:\/\/miltgen.lu\/wp-content\/uploads\/2024\/07\/DACB3935-9400-416D-BB56-BE6066B0F253-scaled.jpg 1440w\" sizes=\"auto, (max-width: 576px) 100vw, 576px\" \/><\/figure>\n\n\n\n<figure class=\"wp-block-image size-large\"><img loading=\"lazy\" decoding=\"async\" width=\"1024\" height=\"768\" data-id=\"175\" src=\"https:\/\/miltgen.lu\/wp-content\/uploads\/2024\/07\/e4cc1365-eb00-4000-87d9-de7437341e49-1024x768.jpg\" alt=\"\" class=\"wp-image-175\" srcset=\"https:\/\/miltgen.lu\/wp-content\/uploads\/2024\/07\/e4cc1365-eb00-4000-87d9-de7437341e49-1024x768.jpg 1024w, https:\/\/miltgen.lu\/wp-content\/uploads\/2024\/07\/e4cc1365-eb00-4000-87d9-de7437341e49-300x225.jpg 300w, https:\/\/miltgen.lu\/wp-content\/uploads\/2024\/07\/e4cc1365-eb00-4000-87d9-de7437341e49-768x576.jpg 768w, https:\/\/miltgen.lu\/wp-content\/uploads\/2024\/07\/e4cc1365-eb00-4000-87d9-de7437341e49-1536x1152.jpg 1536w, https:\/\/miltgen.lu\/wp-content\/uploads\/2024\/07\/e4cc1365-eb00-4000-87d9-de7437341e49-640x480.jpg 640w, https:\/\/miltgen.lu\/wp-content\/uploads\/2024\/07\/e4cc1365-eb00-4000-87d9-de7437341e49.jpg 2048w\" sizes=\"auto, (max-width: 1024px) 100vw, 1024px\" \/><\/figure>\n\n\n\n<figure class=\"wp-block-image size-large\"><img loading=\"lazy\" decoding=\"async\" width=\"768\" height=\"1024\" data-id=\"200\" src=\"https:\/\/miltgen.lu\/wp-content\/uploads\/2024\/07\/b6da07f5-9829-4b9a-b5a9-7632a2d6c36a-768x1024.jpeg\" alt=\"\" class=\"wp-image-200\" srcset=\"https:\/\/miltgen.lu\/wp-content\/uploads\/2024\/07\/b6da07f5-9829-4b9a-b5a9-7632a2d6c36a-768x1024.jpeg 768w, https:\/\/miltgen.lu\/wp-content\/uploads\/2024\/07\/b6da07f5-9829-4b9a-b5a9-7632a2d6c36a-225x300.jpeg 225w, https:\/\/miltgen.lu\/wp-content\/uploads\/2024\/07\/b6da07f5-9829-4b9a-b5a9-7632a2d6c36a-1152x1536.jpeg 1152w, https:\/\/miltgen.lu\/wp-content\/uploads\/2024\/07\/b6da07f5-9829-4b9a-b5a9-7632a2d6c36a-480x640.jpeg 480w, https:\/\/miltgen.lu\/wp-content\/uploads\/2024\/07\/b6da07f5-9829-4b9a-b5a9-7632a2d6c36a.jpeg 1200w\" sizes=\"auto, (max-width: 768px) 100vw, 768px\" \/><\/figure>\n\n\n\n<figure class=\"wp-block-image size-large\"><img loading=\"lazy\" decoding=\"async\" width=\"768\" height=\"1024\" data-id=\"178\" src=\"https:\/\/miltgen.lu\/wp-content\/uploads\/2024\/07\/IMG_0683-768x1024.jpeg\" alt=\"\" class=\"wp-image-178\" srcset=\"https:\/\/miltgen.lu\/wp-content\/uploads\/2024\/07\/IMG_0683-768x1024.jpeg 768w, https:\/\/miltgen.lu\/wp-content\/uploads\/2024\/07\/IMG_0683-225x300.jpeg 225w, https:\/\/miltgen.lu\/wp-content\/uploads\/2024\/07\/IMG_0683-1152x1536.jpeg 1152w, https:\/\/miltgen.lu\/wp-content\/uploads\/2024\/07\/IMG_0683-480x640.jpeg 480w, https:\/\/miltgen.lu\/wp-content\/uploads\/2024\/07\/IMG_0683.jpeg 1536w\" sizes=\"auto, (max-width: 768px) 100vw, 768px\" \/><\/figure>\n\n\n\n<figure class=\"wp-block-image size-large\"><img loading=\"lazy\" decoding=\"async\" width=\"768\" height=\"1024\" data-id=\"179\" src=\"https:\/\/miltgen.lu\/wp-content\/uploads\/2024\/07\/IMG_0710-768x1024.jpeg\" alt=\"\" class=\"wp-image-179\" srcset=\"https:\/\/miltgen.lu\/wp-content\/uploads\/2024\/07\/IMG_0710-768x1024.jpeg 768w, https:\/\/miltgen.lu\/wp-content\/uploads\/2024\/07\/IMG_0710-225x300.jpeg 225w, https:\/\/miltgen.lu\/wp-content\/uploads\/2024\/07\/IMG_0710-1152x1536.jpeg 1152w, https:\/\/miltgen.lu\/wp-content\/uploads\/2024\/07\/IMG_0710-480x640.jpeg 480w, https:\/\/miltgen.lu\/wp-content\/uploads\/2024\/07\/IMG_0710.jpeg 1536w\" sizes=\"auto, (max-width: 768px) 100vw, 768px\" \/><\/figure>\n\n\n\n<figure class=\"wp-block-image size-large\"><img loading=\"lazy\" decoding=\"async\" width=\"1024\" height=\"768\" data-id=\"181\" src=\"https:\/\/miltgen.lu\/wp-content\/uploads\/2024\/07\/IMG_3278-1024x768.jpg\" alt=\"\" class=\"wp-image-181\" srcset=\"https:\/\/miltgen.lu\/wp-content\/uploads\/2024\/07\/IMG_3278-1024x768.jpg 1024w, https:\/\/miltgen.lu\/wp-content\/uploads\/2024\/07\/IMG_3278-300x225.jpg 300w, https:\/\/miltgen.lu\/wp-content\/uploads\/2024\/07\/IMG_3278-768x576.jpg 768w, https:\/\/miltgen.lu\/wp-content\/uploads\/2024\/07\/IMG_3278-1536x1152.jpg 1536w, https:\/\/miltgen.lu\/wp-content\/uploads\/2024\/07\/IMG_3278-2048x1536.jpg 2048w, https:\/\/miltgen.lu\/wp-content\/uploads\/2024\/07\/IMG_3278-640x480.jpg 640w\" sizes=\"auto, (max-width: 1024px) 100vw, 1024px\" \/><\/figure>\n\n\n\n<figure class=\"wp-block-image size-large\"><img loading=\"lazy\" decoding=\"async\" width=\"768\" height=\"1024\" data-id=\"180\" src=\"https:\/\/miltgen.lu\/wp-content\/uploads\/2024\/07\/P1020940-768x1024.jpg\" alt=\"\" class=\"wp-image-180\" srcset=\"https:\/\/miltgen.lu\/wp-content\/uploads\/2024\/07\/P1020940-768x1024.jpg 768w, https:\/\/miltgen.lu\/wp-content\/uploads\/2024\/07\/P1020940-225x300.jpg 225w, https:\/\/miltgen.lu\/wp-content\/uploads\/2024\/07\/P1020940-1152x1536.jpg 1152w, https:\/\/miltgen.lu\/wp-content\/uploads\/2024\/07\/P1020940-1536x2048.jpg 1536w, https:\/\/miltgen.lu\/wp-content\/uploads\/2024\/07\/P1020940-480x640.jpg 480w, https:\/\/miltgen.lu\/wp-content\/uploads\/2024\/07\/P1020940-scaled.jpg 1920w\" sizes=\"auto, (max-width: 768px) 100vw, 768px\" \/><\/figure>\n\n\n\n<figure class=\"wp-block-image size-large\"><img loading=\"lazy\" decoding=\"async\" width=\"1024\" height=\"768\" data-id=\"184\" src=\"https:\/\/miltgen.lu\/wp-content\/uploads\/2024\/07\/P1040055-1024x768.jpg\" alt=\"\" class=\"wp-image-184\" srcset=\"https:\/\/miltgen.lu\/wp-content\/uploads\/2024\/07\/P1040055-1024x768.jpg 1024w, https:\/\/miltgen.lu\/wp-content\/uploads\/2024\/07\/P1040055-300x225.jpg 300w, https:\/\/miltgen.lu\/wp-content\/uploads\/2024\/07\/P1040055-768x576.jpg 768w, https:\/\/miltgen.lu\/wp-content\/uploads\/2024\/07\/P1040055-1536x1152.jpg 1536w, https:\/\/miltgen.lu\/wp-content\/uploads\/2024\/07\/P1040055-2048x1536.jpg 2048w, https:\/\/miltgen.lu\/wp-content\/uploads\/2024\/07\/P1040055-640x480.jpg 640w\" sizes=\"auto, (max-width: 1024px) 100vw, 1024px\" \/><\/figure>\n\n\n\n<figure class=\"wp-block-image size-large\"><img loading=\"lazy\" decoding=\"async\" width=\"1024\" height=\"768\" data-id=\"185\" src=\"https:\/\/miltgen.lu\/wp-content\/uploads\/2024\/07\/P1040127-1024x768.jpg\" alt=\"\" class=\"wp-image-185\" srcset=\"https:\/\/miltgen.lu\/wp-content\/uploads\/2024\/07\/P1040127-1024x768.jpg 1024w, https:\/\/miltgen.lu\/wp-content\/uploads\/2024\/07\/P1040127-300x225.jpg 300w, https:\/\/miltgen.lu\/wp-content\/uploads\/2024\/07\/P1040127-768x576.jpg 768w, https:\/\/miltgen.lu\/wp-content\/uploads\/2024\/07\/P1040127-1536x1152.jpg 1536w, https:\/\/miltgen.lu\/wp-content\/uploads\/2024\/07\/P1040127-2048x1536.jpg 2048w, https:\/\/miltgen.lu\/wp-content\/uploads\/2024\/07\/P1040127-640x480.jpg 640w\" sizes=\"auto, (max-width: 1024px) 100vw, 1024px\" \/><\/figure>\n<\/figure>\n","protected":false},"excerpt":{"rendered":"<p>Die Bedeutung von Kleinbiotopen in der Kulturlandschaft Kleine, naturnah gestaltete Fl\u00e4chen bieten ein enormes Potenzial f\u00fcr die Biodiversit\u00e4t. Durch sorgf\u00e4ltige Planung und die Integration spezifischer Strukturen kann Lebensraum f\u00fcr eine Vielzahl spezialisierter Arten geschaffen werden. Die Ansiedlung heimischer Stauden, Magerarten und Schotterrasen schafft ein&#8230;<\/p>\n","protected":false},"author":1,"featured_media":0,"parent":0,"menu_order":0,"comment_status":"closed","ping_status":"closed","template":"","meta":{"footnotes":""},"class_list":["post-173","page","type-page","status-publish","hentry"],"_links":{"self":[{"href":"https:\/\/miltgen.lu\/index.php?rest_route=\/wp\/v2\/pages\/173","targetHints":{"allow":["GET"]}}],"collection":[{"href":"https:\/\/miltgen.lu\/index.php?rest_route=\/wp\/v2\/pages"}],"about":[{"href":"https:\/\/miltgen.lu\/index.php?rest_route=\/wp\/v2\/types\/page"}],"author":[{"embeddable":true,"href":"https:\/\/miltgen.lu\/index.php?rest_route=\/wp\/v2\/users\/1"}],"replies":[{"embeddable":true,"href":"https:\/\/miltgen.lu\/index.php?rest_route=%2Fwp%2Fv2%2Fcomments&post=173"}],"version-history":[{"count":3,"href":"https:\/\/miltgen.lu\/index.php?rest_route=\/wp\/v2\/pages\/173\/revisions"}],"predecessor-version":[{"id":247,"href":"https:\/\/miltgen.lu\/index.php?rest_route=\/wp\/v2\/pages\/173\/revisions\/247"}],"wp:attachment":[{"href":"https:\/\/miltgen.lu\/index.php?rest_route=%2Fwp%2Fv2%2Fmedia&parent=173"}],"curies":[{"name":"wp","href":"https:\/\/api.w.org\/{rel}","templated":true}]}}