{"id":160,"date":"2024-07-01T21:15:57","date_gmt":"2024-07-01T21:15:57","guid":{"rendered":"https:\/\/miltgen.lu\/?page_id=160"},"modified":"2026-01-12T07:02:13","modified_gmt":"2026-01-12T07:02:13","slug":"nisthilfen","status":"publish","type":"page","link":"https:\/\/miltgen.lu\/?page_id=160","title":{"rendered":"Nisthilfen"},"content":{"rendered":"\n<p><strong>Schutzma\u00dfnahmen f\u00fcr Kulturfolger: Steinkauz, Schwalben, Flederm\u00e4use und Co.<\/strong><\/p>\n\n\n\n<p>Viele Vogelarten wie der Steinkauz, die Mehlschwalbe und die Rauchschwalbe sind sogenannte Kulturfolger. Ihr \u00dcberleben ist eng mit der durch den Menschen geschaffenen Kulturlandschaft verbunden:<\/p>\n\n\n\n<ul class=\"wp-block-list\">\n<li>Der <strong>Steinkauz<\/strong> ben\u00f6tigt Nisth\u00f6hlen in alten, strukturreichen Obstb\u00e4umen im Offenland.<\/li>\n\n\n\n<li><strong>Mehlschwalben<\/strong> bevorzugen hohe Geb\u00e4udefassaden mit Dach\u00fcberst\u00e4nden f\u00fcr ihren Nestbau.<\/li>\n\n\n\n<li>Die <strong>Rauchschwalbe<\/strong> ist f\u00fcr die Brut auf offen zug\u00e4ngliche Stallungen und Garagen angewiesen.<\/li>\n<\/ul>\n\n\n\n<p>Da nat\u00fcrliche Nistgelegenheiten und geeignete Brutpl\u00e4tze oft rar sind, ist die Bereitstellung k\u00fcnstlicher Nisthilfen eine entscheidende Schutzma\u00dfnahme zur Bestandsf\u00f6rderung.<\/p>\n\n\n\n<p><strong>Unsere Leistungen zum Artenschutz<\/strong><\/p>\n\n\n\n<p>Wir bieten fachgerechte L\u00f6sungen zur Unterst\u00fctzung dieser Arten, um den Erhalt der Biodiversit\u00e4t direkt an Geb\u00e4uden und in der Landschaft zu f\u00f6rdern:<\/p>\n\n\n\n<ul class=\"wp-block-list\">\n<li><strong>Montage und Wartung von Nisthilfen:<\/strong> Installation und regelm\u00e4\u00dfige Reinigung verschiedener Nisthilfen f\u00fcr unterschiedliche Vogelarten.<\/li>\n\n\n\n<li><strong>Fertigung von Steinkauznisthilfen:<\/strong> Herstellung von speziellen Nisthilfen aus heimischem Douglasienholz, ausgestattet mit einer Pendelmondsicherung zum Schutz vor Fressfeinden.<\/li>\n\n\n\n<li><strong>Installation von Kotbrettern:<\/strong> Anfertigung und Montage von lackierten Alublech-Kotbrettern in allen g\u00e4ngigen RAL-Farbt\u00f6nen. Diese erh\u00f6hen die Akzeptanz von nistenden V\u00f6geln an Hausfassaden und in genutzten Bereichen erheblich.<\/li>\n<\/ul>\n\n\n\n<p><strong>Fachkompetenz und Materialqualit\u00e4t<\/strong><\/p>\n\n\n\n<p>Unsere langj\u00e4hrige Erfahrung erm\u00f6glicht es uns, die optimale L\u00f6sung f\u00fcr jede bauliche Gegebenheit zu finden. Dabei achten wir bei der Installation an isolierten H\u00e4usern streng darauf, die Entstehung von W\u00e4rmebr\u00fccken auszuschlie\u00dfen.<\/p>\n\n\n\n<p>Gerne erarbeiten wir auch L\u00f6sungen f\u00fcr spezielle Anforderungen und Sonderanfertigungen im Bereich des Artenschutzes. <strong>Kontaktieren Sie uns, um gezielte Ma\u00dfnahmen zur F\u00f6rderung der heimischen Vogelwelt umzusetzen.<\/strong><br><\/p>\n\n\n\n<figure class=\"wp-block-gallery has-nested-images columns-default is-cropped wp-block-gallery-1 is-layout-flex wp-block-gallery-is-layout-flex\">\n<figure class=\"wp-block-image size-large\"><img loading=\"lazy\" decoding=\"async\" width=\"768\" height=\"1024\" data-id=\"235\" src=\"https:\/\/miltgen.lu\/wp-content\/uploads\/2024\/12\/IMG_0889-768x1024.jpg\" alt=\"\" class=\"wp-image-235\" srcset=\"https:\/\/miltgen.lu\/wp-content\/uploads\/2024\/12\/IMG_0889-768x1024.jpg 768w, https:\/\/miltgen.lu\/wp-content\/uploads\/2024\/12\/IMG_0889-225x300.jpg 225w, https:\/\/miltgen.lu\/wp-content\/uploads\/2024\/12\/IMG_0889-1152x1536.jpg 1152w, https:\/\/miltgen.lu\/wp-content\/uploads\/2024\/12\/IMG_0889-1536x2048.jpg 1536w, https:\/\/miltgen.lu\/wp-content\/uploads\/2024\/12\/IMG_0889-480x640.jpg 480w, https:\/\/miltgen.lu\/wp-content\/uploads\/2024\/12\/IMG_0889-scaled.jpg 1920w\" sizes=\"auto, (max-width: 768px) 100vw, 768px\" \/><\/figure>\n\n\n\n<figure class=\"wp-block-image size-large\"><img loading=\"lazy\" decoding=\"async\" width=\"768\" height=\"1024\" data-id=\"166\" src=\"https:\/\/miltgen.lu\/wp-content\/uploads\/2024\/07\/20230328_105840-1-768x1024.jpg\" alt=\"\" class=\"wp-image-166\" srcset=\"https:\/\/miltgen.lu\/wp-content\/uploads\/2024\/07\/20230328_105840-1-768x1024.jpg 768w, https:\/\/miltgen.lu\/wp-content\/uploads\/2024\/07\/20230328_105840-1-225x300.jpg 225w, https:\/\/miltgen.lu\/wp-content\/uploads\/2024\/07\/20230328_105840-1-1152x1536.jpg 1152w, https:\/\/miltgen.lu\/wp-content\/uploads\/2024\/07\/20230328_105840-1-1536x2048.jpg 1536w, https:\/\/miltgen.lu\/wp-content\/uploads\/2024\/07\/20230328_105840-1-480x640.jpg 480w, https:\/\/miltgen.lu\/wp-content\/uploads\/2024\/07\/20230328_105840-1-scaled.jpg 1920w\" sizes=\"auto, (max-width: 768px) 100vw, 768px\" \/><\/figure>\n\n\n\n<figure class=\"wp-block-image size-large\"><img loading=\"lazy\" decoding=\"async\" width=\"1024\" height=\"768\" data-id=\"169\" src=\"https:\/\/miltgen.lu\/wp-content\/uploads\/2024\/07\/20230428_151829-1024x768.jpg\" alt=\"\" class=\"wp-image-169\" srcset=\"https:\/\/miltgen.lu\/wp-content\/uploads\/2024\/07\/20230428_151829-1024x768.jpg 1024w, https:\/\/miltgen.lu\/wp-content\/uploads\/2024\/07\/20230428_151829-300x225.jpg 300w, https:\/\/miltgen.lu\/wp-content\/uploads\/2024\/07\/20230428_151829-768x576.jpg 768w, https:\/\/miltgen.lu\/wp-content\/uploads\/2024\/07\/20230428_151829-1536x1152.jpg 1536w, https:\/\/miltgen.lu\/wp-content\/uploads\/2024\/07\/20230428_151829-2048x1536.jpg 2048w, https:\/\/miltgen.lu\/wp-content\/uploads\/2024\/07\/20230428_151829-640x480.jpg 640w\" sizes=\"auto, (max-width: 1024px) 100vw, 1024px\" \/><\/figure>\n<\/figure>\n\n\n\n<div class=\"wp-block-group is-nowrap is-layout-flex wp-container-core-group-is-layout-ad2f72ca wp-block-group-is-layout-flex\">\n<div class=\"wp-block-columns is-layout-flex wp-container-core-columns-is-layout-9d6595d7 wp-block-columns-is-layout-flex\">\n<div class=\"wp-block-column is-layout-flow wp-block-column-is-layout-flow\" style=\"flex-basis:100%\">\n<figure class=\"wp-block-gallery has-nested-images columns-default is-cropped wp-block-gallery-2 is-layout-flex wp-block-gallery-is-layout-flex\">\n<figure class=\"wp-block-image size-large is-style-default\"><img loading=\"lazy\" decoding=\"async\" width=\"768\" height=\"1024\" data-id=\"165\" src=\"https:\/\/miltgen.lu\/wp-content\/uploads\/2024\/07\/1296D47C-AD3D-4AE6-91F1-3C73677D99BC-590-0000013F7B55484C-768x1024.jpeg\" alt=\"\" class=\"wp-image-165\" srcset=\"https:\/\/miltgen.lu\/wp-content\/uploads\/2024\/07\/1296D47C-AD3D-4AE6-91F1-3C73677D99BC-590-0000013F7B55484C-768x1024.jpeg 768w, https:\/\/miltgen.lu\/wp-content\/uploads\/2024\/07\/1296D47C-AD3D-4AE6-91F1-3C73677D99BC-590-0000013F7B55484C-225x300.jpeg 225w, https:\/\/miltgen.lu\/wp-content\/uploads\/2024\/07\/1296D47C-AD3D-4AE6-91F1-3C73677D99BC-590-0000013F7B55484C-1152x1536.jpeg 1152w, https:\/\/miltgen.lu\/wp-content\/uploads\/2024\/07\/1296D47C-AD3D-4AE6-91F1-3C73677D99BC-590-0000013F7B55484C-480x640.jpeg 480w, https:\/\/miltgen.lu\/wp-content\/uploads\/2024\/07\/1296D47C-AD3D-4AE6-91F1-3C73677D99BC-590-0000013F7B55484C.jpeg 1536w\" sizes=\"auto, (max-width: 768px) 100vw, 768px\" \/><\/figure>\n\n\n\n<figure class=\"wp-block-image size-large\"><img loading=\"lazy\" decoding=\"async\" width=\"768\" height=\"1024\" data-id=\"168\" src=\"https:\/\/miltgen.lu\/wp-content\/uploads\/2024\/07\/20230330_130049-768x1024.jpg\" alt=\"\" class=\"wp-image-168\" srcset=\"https:\/\/miltgen.lu\/wp-content\/uploads\/2024\/07\/20230330_130049-768x1024.jpg 768w, https:\/\/miltgen.lu\/wp-content\/uploads\/2024\/07\/20230330_130049-225x300.jpg 225w, https:\/\/miltgen.lu\/wp-content\/uploads\/2024\/07\/20230330_130049-1152x1536.jpg 1152w, https:\/\/miltgen.lu\/wp-content\/uploads\/2024\/07\/20230330_130049-1536x2048.jpg 1536w, https:\/\/miltgen.lu\/wp-content\/uploads\/2024\/07\/20230330_130049-480x640.jpg 480w, https:\/\/miltgen.lu\/wp-content\/uploads\/2024\/07\/20230330_130049-scaled.jpg 1920w\" sizes=\"auto, (max-width: 768px) 100vw, 768px\" \/><\/figure>\n\n\n\n<figure class=\"wp-block-image size-large\"><img loading=\"lazy\" decoding=\"async\" width=\"1024\" height=\"768\" data-id=\"167\" src=\"https:\/\/miltgen.lu\/wp-content\/uploads\/2024\/07\/20230428_174358-1024x768.jpg\" alt=\"\" class=\"wp-image-167\" srcset=\"https:\/\/miltgen.lu\/wp-content\/uploads\/2024\/07\/20230428_174358-1024x768.jpg 1024w, https:\/\/miltgen.lu\/wp-content\/uploads\/2024\/07\/20230428_174358-300x225.jpg 300w, https:\/\/miltgen.lu\/wp-content\/uploads\/2024\/07\/20230428_174358-768x576.jpg 768w, https:\/\/miltgen.lu\/wp-content\/uploads\/2024\/07\/20230428_174358-1536x1152.jpg 1536w, https:\/\/miltgen.lu\/wp-content\/uploads\/2024\/07\/20230428_174358-2048x1536.jpg 2048w, https:\/\/miltgen.lu\/wp-content\/uploads\/2024\/07\/20230428_174358-640x480.jpg 640w\" sizes=\"auto, (max-width: 1024px) 100vw, 1024px\" \/><\/figure>\n\n\n\n<figure class=\"wp-block-image size-large\"><img loading=\"lazy\" decoding=\"async\" width=\"768\" height=\"1024\" data-id=\"163\" src=\"https:\/\/miltgen.lu\/wp-content\/uploads\/2024\/07\/IMG_0101-768x1024.jpeg\" alt=\"\" class=\"wp-image-163\" srcset=\"https:\/\/miltgen.lu\/wp-content\/uploads\/2024\/07\/IMG_0101-768x1024.jpeg 768w, https:\/\/miltgen.lu\/wp-content\/uploads\/2024\/07\/IMG_0101-225x300.jpeg 225w, https:\/\/miltgen.lu\/wp-content\/uploads\/2024\/07\/IMG_0101-1152x1536.jpeg 1152w, https:\/\/miltgen.lu\/wp-content\/uploads\/2024\/07\/IMG_0101-480x640.jpeg 480w, https:\/\/miltgen.lu\/wp-content\/uploads\/2024\/07\/IMG_0101.jpeg 1536w\" sizes=\"auto, (max-width: 768px) 100vw, 768px\" \/><\/figure>\n\n\n\n<figure class=\"wp-block-image size-large\"><img loading=\"lazy\" decoding=\"async\" width=\"768\" height=\"1024\" data-id=\"164\" src=\"https:\/\/miltgen.lu\/wp-content\/uploads\/2024\/07\/IMG_0112-768x1024.jpeg\" alt=\"\" class=\"wp-image-164\" srcset=\"https:\/\/miltgen.lu\/wp-content\/uploads\/2024\/07\/IMG_0112-768x1024.jpeg 768w, https:\/\/miltgen.lu\/wp-content\/uploads\/2024\/07\/IMG_0112-225x300.jpeg 225w, https:\/\/miltgen.lu\/wp-content\/uploads\/2024\/07\/IMG_0112-1152x1536.jpeg 1152w, https:\/\/miltgen.lu\/wp-content\/uploads\/2024\/07\/IMG_0112-480x640.jpeg 480w, https:\/\/miltgen.lu\/wp-content\/uploads\/2024\/07\/IMG_0112.jpeg 1536w\" sizes=\"auto, (max-width: 768px) 100vw, 768px\" \/><\/figure>\n\n\n\n<figure class=\"wp-block-image size-large\"><img loading=\"lazy\" decoding=\"async\" width=\"768\" height=\"1024\" data-id=\"161\" src=\"https:\/\/miltgen.lu\/wp-content\/uploads\/2024\/07\/IMG_0115-768x1024.jpeg\" alt=\"\" class=\"wp-image-161\" srcset=\"https:\/\/miltgen.lu\/wp-content\/uploads\/2024\/07\/IMG_0115-768x1024.jpeg 768w, https:\/\/miltgen.lu\/wp-content\/uploads\/2024\/07\/IMG_0115-225x300.jpeg 225w, https:\/\/miltgen.lu\/wp-content\/uploads\/2024\/07\/IMG_0115-1152x1536.jpeg 1152w, https:\/\/miltgen.lu\/wp-content\/uploads\/2024\/07\/IMG_0115-480x640.jpeg 480w, https:\/\/miltgen.lu\/wp-content\/uploads\/2024\/07\/IMG_0115.jpeg 1536w\" sizes=\"auto, (max-width: 768px) 100vw, 768px\" \/><\/figure>\n\n\n\n<figure class=\"wp-block-image size-large\"><img loading=\"lazy\" decoding=\"async\" width=\"768\" height=\"1024\" data-id=\"162\" src=\"https:\/\/miltgen.lu\/wp-content\/uploads\/2024\/07\/IMG_0597-768x1024.jpeg\" alt=\"\" class=\"wp-image-162\" srcset=\"https:\/\/miltgen.lu\/wp-content\/uploads\/2024\/07\/IMG_0597-768x1024.jpeg 768w, https:\/\/miltgen.lu\/wp-content\/uploads\/2024\/07\/IMG_0597-225x300.jpeg 225w, https:\/\/miltgen.lu\/wp-content\/uploads\/2024\/07\/IMG_0597-1152x1536.jpeg 1152w, https:\/\/miltgen.lu\/wp-content\/uploads\/2024\/07\/IMG_0597-480x640.jpeg 480w, https:\/\/miltgen.lu\/wp-content\/uploads\/2024\/07\/IMG_0597.jpeg 1536w\" sizes=\"auto, (max-width: 768px) 100vw, 768px\" \/><\/figure>\n<\/figure>\n\n\n\n<figure class=\"wp-block-gallery has-nested-images columns-default is-cropped wp-block-gallery-3 is-layout-flex wp-block-gallery-is-layout-flex\">\n<figure class=\"wp-block-image size-large\"><img loading=\"lazy\" decoding=\"async\" width=\"768\" height=\"1024\" data-id=\"197\" src=\"https:\/\/miltgen.lu\/wp-content\/uploads\/2024\/07\/IMG_0663-768x1024.jpeg\" alt=\"\" class=\"wp-image-197\" srcset=\"https:\/\/miltgen.lu\/wp-content\/uploads\/2024\/07\/IMG_0663-768x1024.jpeg 768w, https:\/\/miltgen.lu\/wp-content\/uploads\/2024\/07\/IMG_0663-225x300.jpeg 225w, https:\/\/miltgen.lu\/wp-content\/uploads\/2024\/07\/IMG_0663-1152x1536.jpeg 1152w, https:\/\/miltgen.lu\/wp-content\/uploads\/2024\/07\/IMG_0663-480x640.jpeg 480w, https:\/\/miltgen.lu\/wp-content\/uploads\/2024\/07\/IMG_0663.jpeg 1536w\" sizes=\"auto, (max-width: 768px) 100vw, 768px\" \/><\/figure>\n\n\n\n<figure class=\"wp-block-image size-large\"><img loading=\"lazy\" decoding=\"async\" width=\"768\" height=\"1024\" data-id=\"196\" src=\"https:\/\/miltgen.lu\/wp-content\/uploads\/2024\/07\/IMG_0665-768x1024.jpeg\" alt=\"\" class=\"wp-image-196\" srcset=\"https:\/\/miltgen.lu\/wp-content\/uploads\/2024\/07\/IMG_0665-768x1024.jpeg 768w, https:\/\/miltgen.lu\/wp-content\/uploads\/2024\/07\/IMG_0665-225x300.jpeg 225w, https:\/\/miltgen.lu\/wp-content\/uploads\/2024\/07\/IMG_0665-1152x1536.jpeg 1152w, https:\/\/miltgen.lu\/wp-content\/uploads\/2024\/07\/IMG_0665-480x640.jpeg 480w, https:\/\/miltgen.lu\/wp-content\/uploads\/2024\/07\/IMG_0665.jpeg 1536w\" sizes=\"auto, (max-width: 768px) 100vw, 768px\" \/><\/figure>\n<\/figure>\n<\/div>\n<\/div>\n<\/div>\n","protected":false},"excerpt":{"rendered":"<p>Schutzma\u00dfnahmen f\u00fcr Kulturfolger: Steinkauz, Schwalben, Flederm\u00e4use und Co. Viele Vogelarten wie der Steinkauz, die Mehlschwalbe und die Rauchschwalbe sind sogenannte Kulturfolger. Ihr \u00dcberleben ist eng mit der durch den Menschen geschaffenen Kulturlandschaft verbunden: Da nat\u00fcrliche Nistgelegenheiten und geeignete Brutpl\u00e4tze oft rar sind, ist die&#8230;<\/p>\n","protected":false},"author":1,"featured_media":0,"parent":0,"menu_order":0,"comment_status":"closed","ping_status":"closed","template":"","meta":{"footnotes":""},"class_list":["post-160","page","type-page","status-publish","hentry"],"_links":{"self":[{"href":"https:\/\/miltgen.lu\/index.php?rest_route=\/wp\/v2\/pages\/160","targetHints":{"allow":["GET"]}}],"collection":[{"href":"https:\/\/miltgen.lu\/index.php?rest_route=\/wp\/v2\/pages"}],"about":[{"href":"https:\/\/miltgen.lu\/index.php?rest_route=\/wp\/v2\/types\/page"}],"author":[{"embeddable":true,"href":"https:\/\/miltgen.lu\/index.php?rest_route=\/wp\/v2\/users\/1"}],"replies":[{"embeddable":true,"href":"https:\/\/miltgen.lu\/index.php?rest_route=%2Fwp%2Fv2%2Fcomments&post=160"}],"version-history":[{"count":7,"href":"https:\/\/miltgen.lu\/index.php?rest_route=\/wp\/v2\/pages\/160\/revisions"}],"predecessor-version":[{"id":273,"href":"https:\/\/miltgen.lu\/index.php?rest_route=\/wp\/v2\/pages\/160\/revisions\/273"}],"wp:attachment":[{"href":"https:\/\/miltgen.lu\/index.php?rest_route=%2Fwp%2Fv2%2Fmedia&parent=160"}],"curies":[{"name":"wp","href":"https:\/\/api.w.org\/{rel}","templated":true}]}}